{"id":80,"date":"2025-05-16T21:18:47","date_gmt":"2025-05-16T21:18:47","guid":{"rendered":"https:\/\/spectracons.com\/?page_id=80"},"modified":"2025-05-18T20:07:36","modified_gmt":"2025-05-18T20:07:36","slug":"kutuphane","status":"publish","type":"page","link":"https:\/\/spectracons.com\/?page_id=80","title":{"rendered":"M\u00fchendis\u00e7e"},"content":{"rendered":"\n<p>Bu b\u00f6l\u00fcmde yer alan bilgiler bilgilendirme ve gen\u00e7 m\u00fchendisleri ara\u015ft\u0131rmaya sevk etmek amac\u0131yla sunulmu\u015f ve s\u00fcrekli g\u00fcncellenmesi planlanm\u0131\u015ft\u0131r. \u015eu an i\u00e7in sadece taslak \u00e7al\u0131\u015fmalar \u015feklinde haz\u0131rlanm\u0131\u015f olup ilerleyen zamanlarda hem i\u00e7erikleri pratik m\u00fchendislik bilgileriyle zenginle\u015ftirilecek hem de daha profesyonel formatta sunulacakt\u0131r.  T\u00fcm bu nedenlerle sunulan bilgilerin do\u011frulu\u011fu, g\u00fcncelli\u011fi veya eksiksizli\u011fi konusunda herhangi bir garanti verilmemektedir. Kullan\u0131c\u0131lar, bu bilgileri kendi sorumluluklar\u0131 dahilinde kullanmal\u0131d\u0131r. Web sitesinde yer alan i\u00e7erik nedeniyle do\u011fabilecek herhangi bir do\u011frudan ya da dolayl\u0131 zarardan Spectra sorumlu tutulamaz. Yer alan bilgilerin geli\u015ftirilmesi ya da merak etti\u011finiz\/ilave edilmesinin faydal\u0131 oldu\u011funu d\u00fc\u015f\u00fcnd\u00fc\u011f\u00fcn\u00fcz konular varsa <a href=\"mailto:info@spectracons.com\">admin@spectracons.com<\/a> \u00fczerinden ileti\u015fime ge\u00e7ebilirsiniz.<\/p>\n\n\n<nav id=\"bellows-main-10\" class=\"bellows bellows-nojs bellows-main bellows-source-menu bellows-align-left bellows-skin-vanilla bellows-type-\"><ul id=\"menu-muhendisce\" class=\"bellows-nav\" data-bellows-config=\"main\"><li id=\"menu-item-251\" class=\"bellows-menu-item bellows-menu-item-type-custom bellows-menu-item-object-custom bellows-menu-item-251 bellows-item-level-0\"><a  href=\"https:\/\/spectracons.com\/?page_id=359\" class=\"bellows-target menu-link\"><span class=\"bellows-target-title bellows-target-text\">BA\u015eUCU K\u0130TAPLARI<\/span><\/a><\/li>\n<li id=\"menu-item-304\" class=\"bellows-menu-item bellows-menu-item-type-custom bellows-menu-item-object-custom bellows-menu-item-304 bellows-item-level-0\"><a  href=\"https:\/\/spectracons.com\/?page_id=253\" class=\"bellows-target menu-link\"><span class=\"bellows-target-title bellows-target-text\">BETONARME YAPILAR<\/span><\/a><\/li>\n<li id=\"menu-item-305\" class=\"bellows-menu-item bellows-menu-item-type-custom bellows-menu-item-object-custom bellows-menu-item-305 bellows-item-level-0\"><a  href=\"https:\/\/spectracons.com\/?page_id=255\" class=\"bellows-target menu-link\"><span class=\"bellows-target-title bellows-target-text\">\u00c7EL\u0130K YAPILAR<\/span><\/a><\/li>\n<li id=\"menu-item-306\" class=\"bellows-menu-item bellows-menu-item-type-custom bellows-menu-item-object-custom bellows-menu-item-306 bellows-item-level-0\"><a  href=\"https:\/\/spectracons.com\/?page_id=287\" class=\"bellows-target menu-link\"><span class=\"bellows-target-title bellows-target-text\">\u00d6NGER\u0130LMEL\u0130 BETON<\/span><\/a><\/li>\n<li id=\"menu-item-307\" class=\"bellows-menu-item bellows-menu-item-type-custom bellows-menu-item-object-custom bellows-menu-item-307 bellows-item-level-0\"><a  href=\"https:\/\/spectracons.com\/?page_id=387\" class=\"bellows-target menu-link\"><span class=\"bellows-target-title bellows-target-text\">MODELLEME YAZILIMLARI<\/span><\/a><\/li>\n<li id=\"menu-item-308\" class=\"bellows-menu-item bellows-menu-item-type-custom bellows-menu-item-object-custom bellows-menu-item-308 bellows-item-level-0\"><a  href=\"https:\/\/spectracons.com\/?page_id=249\" class=\"bellows-target menu-link\"><span class=\"bellows-target-title bellows-target-text\">YARDIMCI PROGRAMLAR<\/span><\/a><\/li>\n<li id=\"menu-item-309\" class=\"bellows-menu-item bellows-menu-item-type-custom bellows-menu-item-object-custom bellows-menu-item-309 bellows-item-level-0\"><a  href=\"https:\/\/spectracons.com\/?page_id=405\" class=\"bellows-target menu-link\"><span class=\"bellows-target-title bellows-target-text\">Y\u00d6NETMEL\u0130KLER<\/span><\/a><\/li>\n<li id=\"menu-item-310\" class=\"bellows-menu-item bellows-menu-item-type-custom bellows-menu-item-object-custom bellows-menu-item-310 bellows-item-level-0\"><a  href=\"https:\/\/spectracons.com\/?page_id=421\" class=\"bellows-target menu-link\"><span class=\"bellows-target-title bellows-target-text\">TASARIM NOTLARI<\/span><\/a><\/li>\n<li id=\"menu-item-311\" class=\"bellows-menu-item bellows-menu-item-type-custom bellows-menu-item-object-custom bellows-menu-item-311 bellows-item-level-0\"><a  href=\"https:\/\/spectracons.com\/?page_id=440\" class=\"bellows-target menu-link\"><span class=\"bellows-target-title bellows-target-text\">M\u00dcHEND\u0130SL\u0130K PROGRAMLARI<\/span><\/a><\/li>\n<li id=\"menu-item-312\" class=\"bellows-menu-item bellows-menu-item-type-custom bellows-menu-item-object-custom bellows-menu-item-312 bellows-item-level-0\"><a  href=\"https:\/\/spectracons.com\/?page_id=279\" class=\"bellows-target menu-link\"><span class=\"bellows-target-title bellows-target-text\">M\u00dcHEND\u0130SL\u0130K \u00c7INARLARI<\/span><\/a><\/li>\n<li id=\"menu-item-313\" class=\"bellows-menu-item bellows-menu-item-type-custom bellows-menu-item-object-custom bellows-menu-item-313 bellows-item-level-0\"><a  href=\"https:\/\/spectracons.com\/?page_id=289\" class=\"bellows-target menu-link\"><span class=\"bellows-target-title bellows-target-text\">\u00d6ZEL KONULAR<\/span><\/a><\/li>\n<\/ul><\/nav>\n\n\n\n<p><\/p>\n","protected":false},"excerpt":{"rendered":"<p>Bu b\u00f6l\u00fcmde yer alan bilgiler bilgilendirme ve gen\u00e7 m\u00fchendisleri ara\u015ft\u0131rmaya sevk etmek amac\u0131yla sunulmu\u015f ve s\u00fcrekli g\u00fcncellenmesi planlanm\u0131\u015ft\u0131r. \u015eu an [&hellip;]<\/p>\n","protected":false},"author":1,"featured_media":0,"parent":0,"menu_order":0,"comment_status":"closed","ping_status":"closed","template":"","meta":{"ub_ctt_via":"","site-sidebar-layout":"default","site-content-layout":"","ast-site-content-layout":"","site-content-style":"default","site-sidebar-style":"default","ast-global-header-display":"","ast-banner-title-visibility":"","ast-main-header-display":"","ast-hfb-above-header-display":"","ast-hfb-below-header-display":"","ast-hfb-mobile-header-display":"","site-post-title":"","ast-breadcrumbs-content":"","ast-featured-img":"","footer-sml-layout":"","theme-transparent-header-meta":"","adv-header-id-meta":"","stick-header-meta":"","header-above-stick-meta":"","header-main-stick-meta":"","header-below-stick-meta":"","astra-migrate-meta-layouts":"default","ast-page-background-enabled":"default","ast-page-background-meta":{"desktop":{"background-color":"var(--ast-global-color-5)","background-image":"","background-repeat":"repeat","background-position":"center center","background-size":"auto","background-attachment":"scroll","background-type":"","background-media":"","overlay-type":"","overlay-color":"","overlay-opacity":"","overlay-gradient":""},"tablet":{"background-color":"","background-image":"","background-repeat":"repeat","background-position":"center center","background-size":"auto","background-attachment":"scroll","background-type":"","background-media":"","overlay-type":"","overlay-color":"","overlay-opacity":"","overlay-gradient":""},"mobile":{"background-color":"","background-image":"","background-repeat":"repeat","background-position":"center center","background-size":"auto","background-attachment":"scroll","background-type":"","background-media":"","overlay-type":"","overlay-color":"","overlay-opacity":"","overlay-gradient":""}},"ast-content-background-meta":{"desktop":{"background-color":"var(--ast-global-color-4)","background-image":"","background-repeat":"repeat","background-position":"center center","background-size":"auto","background-attachment":"scroll","background-type":"","background-media":"","overlay-type":"","overlay-color":"","overlay-opacity":"","overlay-gradient":""},"tablet":{"background-color":"var(--ast-global-color-4)","background-image":"","background-repeat":"repeat","background-position":"center center","background-size":"auto","background-attachment":"scroll","background-type":"","background-media":"","overlay-type":"","overlay-color":"","overlay-opacity":"","overlay-gradient":""},"mobile":{"background-color":"var(--ast-global-color-4)","background-image":"","background-repeat":"repeat","background-position":"center center","background-size":"auto","background-attachment":"scroll","background-type":"","background-media":"","overlay-type":"","overlay-color":"","overlay-opacity":"","overlay-gradient":""}},"footnotes":""},"class_list":["post-80","page","type-page","status-publish","hentry"],"featured_image_src":null,"_links":{"self":[{"href":"https:\/\/spectracons.com\/index.php?rest_route=\/wp\/v2\/pages\/80","targetHints":{"allow":["GET"]}}],"collection":[{"href":"https:\/\/spectracons.com\/index.php?rest_route=\/wp\/v2\/pages"}],"about":[{"href":"https:\/\/spectracons.com\/index.php?rest_route=\/wp\/v2\/types\/page"}],"author":[{"embeddable":true,"href":"https:\/\/spectracons.com\/index.php?rest_route=\/wp\/v2\/users\/1"}],"replies":[{"embeddable":true,"href":"https:\/\/spectracons.com\/index.php?rest_route=%2Fwp%2Fv2%2Fcomments&post=80"}],"version-history":[{"count":12,"href":"https:\/\/spectracons.com\/index.php?rest_route=\/wp\/v2\/pages\/80\/revisions"}],"predecessor-version":[{"id":584,"href":"https:\/\/spectracons.com\/index.php?rest_route=\/wp\/v2\/pages\/80\/revisions\/584"}],"wp:attachment":[{"href":"https:\/\/spectracons.com\/index.php?rest_route=%2Fwp%2Fv2%2Fmedia&parent=80"}],"curies":[{"name":"wp","href":"https:\/\/api.w.org\/{rel}","templated":true}]}}