{"id":289,"date":"2025-05-17T11:22:48","date_gmt":"2025-05-17T11:22:48","guid":{"rendered":"https:\/\/spectracons.com\/?page_id=289"},"modified":"2025-05-17T14:28:44","modified_gmt":"2025-05-17T14:28:44","slug":"ozel-konular","status":"publish","type":"page","link":"https:\/\/spectracons.com\/?page_id=289","title":{"rendered":"\u00d6zel Konular"},"content":{"rendered":"<nav id=\"bellows-main-20\" class=\"bellows bellows-nojs bellows-main bellows-source-menu bellows-align-left bellows-skin-vanilla bellows-type-\"><ul id=\"menu-ozel-konular\" class=\"bellows-nav\" data-bellows-config=\"main\"><li id=\"menu-item-486\" class=\"bellows-menu-item bellows-menu-item-type-post_type bellows-menu-item-object-post bellows-menu-item-486 bellows-item-level-0\"><a  href=\"https:\/\/spectracons.com\/?p=466\" class=\"bellows-target menu-link\"><span class=\"bellows-target-title bellows-target-text\">Kapal\u0131 Poligon Kesitler<\/span><\/a><\/li>\n<li id=\"menu-item-485\" class=\"bellows-menu-item bellows-menu-item-type-post_type bellows-menu-item-object-post bellows-menu-item-485 bellows-item-level-0\"><a  href=\"https:\/\/spectracons.com\/?p=468\" class=\"bellows-target menu-link\"><span class=\"bellows-target-title bellows-target-text\">Dolgu \u00dczerindeki Tekil ve Yay\u0131l\u0131 Y\u00fcklerin Da\u011f\u0131t\u0131lmas\u0131-AASHTO<\/span><\/a><\/li>\n<li id=\"menu-item-484\" class=\"bellows-menu-item bellows-menu-item-type-post_type bellows-menu-item-object-post bellows-menu-item-484 bellows-item-level-0\"><a  href=\"https:\/\/spectracons.com\/?p=470\" class=\"bellows-target menu-link\"><span class=\"bellows-target-title bellows-target-text\">Stabilite Hesaplar\u0131nda Devrilme Kontrol\u00fc<\/span><\/a><\/li>\n<li id=\"menu-item-483\" class=\"bellows-menu-item bellows-menu-item-type-post_type bellows-menu-item-object-post bellows-menu-item-483 bellows-item-level-0\"><a  href=\"https:\/\/spectracons.com\/?p=472\" class=\"bellows-target menu-link\"><span class=\"bellows-target-title bellows-target-text\">Yuval\u0131 Ankrajlar (Large Anchor Grout Pockets)<\/span><\/a><\/li>\n<li id=\"menu-item-482\" class=\"bellows-menu-item bellows-menu-item-type-post_type bellows-menu-item-object-post bellows-menu-item-482 bellows-item-level-0\"><a  href=\"https:\/\/spectracons.com\/?p=474\" class=\"bellows-target menu-link\"><span class=\"bellows-target-title bellows-target-text\">Ankrajlarda Kesme Kaynakl\u0131 E\u011filme Etkisi<\/span><\/a><\/li>\n<li id=\"menu-item-481\" class=\"bellows-menu-item bellows-menu-item-type-post_type bellows-menu-item-object-post bellows-menu-item-481 bellows-item-level-0\"><a  href=\"https:\/\/spectracons.com\/?p=476\" class=\"bellows-target menu-link\"><span class=\"bellows-target-title bellows-target-text\">Yang\u0131n Duvarlar\u0131<\/span><\/a><\/li>\n<li id=\"menu-item-480\" class=\"bellows-menu-item bellows-menu-item-type-post_type bellows-menu-item-object-post bellows-menu-item-480 bellows-item-level-0\"><a  href=\"https:\/\/spectracons.com\/?p=478\" class=\"bellows-target menu-link\"><span class=\"bellows-target-title bellows-target-text\">Deprem Parametreleri Ss\/PGA S1\/PGA<\/span><\/a><\/li>\n<li id=\"menu-item-703\" class=\"bellows-menu-item bellows-menu-item-type-post_type bellows-menu-item-object-post bellows-menu-item-703 bellows-item-level-0\"><a  href=\"https:\/\/spectracons.com\/?p=701\" class=\"bellows-target menu-link\"><span class=\"bellows-target-title bellows-target-text\">Zaman Tan\u0131m Alan\u0131 Analizlerinde History Type \u2013 Transition vs Periodic<\/span><\/a><\/li>\n<li id=\"menu-item-708\" class=\"bellows-menu-item bellows-menu-item-type-post_type bellows-menu-item-object-post bellows-menu-item-708 bellows-item-level-0\"><a  href=\"https:\/\/spectracons.com\/?p=706\" class=\"bellows-target menu-link\"><span class=\"bellows-target-title bellows-target-text\">SAP2000 Combo Generator<\/span><\/a><\/li>\n<li id=\"menu-item-720\" class=\"bellows-menu-item bellows-menu-item-type-post_type bellows-menu-item-object-post bellows-menu-item-720 bellows-item-level-0\"><a  href=\"https:\/\/spectracons.com\/?p=715\" class=\"bellows-target menu-link\"><span class=\"bellows-target-title bellows-target-text\">TBDY 2018 Zemin \u0130tkileri Hakk\u0131nda<\/span><\/a><\/li>\n<li id=\"menu-item-760\" class=\"bellows-menu-item bellows-menu-item-type-post_type bellows-menu-item-object-post bellows-menu-item-760 bellows-item-level-0\"><a  href=\"https:\/\/spectracons.com\/?p=735\" class=\"bellows-target menu-link\"><span class=\"bellows-target-title bellows-target-text\">\u00c7at\u0131 Deprem Y\u00fckleri Hakk\u0131nda<\/span><\/a><\/li>\n<\/ul><\/nav>\n\n\n\n<p><\/p>\n","protected":false},"excerpt":{"rendered":"","protected":false},"author":1,"featured_media":0,"parent":0,"menu_order":0,"comment_status":"closed","ping_status":"closed","template":"","meta":{"ub_ctt_via":"","site-sidebar-layout":"default","site-content-layout":"","ast-site-content-layout":"","site-content-style":"default","site-sidebar-style":"default","ast-global-header-display":"","ast-banner-title-visibility":"","ast-main-header-display":"","ast-hfb-above-header-display":"","ast-hfb-below-header-display":"","ast-hfb-mobile-header-display":"","site-post-title":"","ast-breadcrumbs-content":"","ast-featured-img":"","footer-sml-layout":"","theme-transparent-header-meta":"","adv-header-id-meta":"","stick-header-meta":"","header-above-stick-meta":"","header-main-stick-meta":"","header-below-stick-meta":"","astra-migrate-meta-layouts":"default","ast-page-background-enabled":"default","ast-page-background-meta":{"desktop":{"background-color":"var(--ast-global-color-5)","background-image":"","background-repeat":"repeat","background-position":"center center","background-size":"auto","background-attachment":"scroll","background-type":"","background-media":"","overlay-type":"","overlay-color":"","overlay-opacity":"","overlay-gradient":""},"tablet":{"background-color":"","background-image":"","background-repeat":"repeat","background-position":"center center","background-size":"auto","background-attachment":"scroll","background-type":"","background-media":"","overlay-type":"","overlay-color":"","overlay-opacity":"","overlay-gradient":""},"mobile":{"background-color":"","background-image":"","background-repeat":"repeat","background-position":"center center","background-size":"auto","background-attachment":"scroll","background-type":"","background-media":"","overlay-type":"","overlay-color":"","overlay-opacity":"","overlay-gradient":""}},"ast-content-background-meta":{"desktop":{"background-color":"var(--ast-global-color-4)","background-image":"","background-repeat":"repeat","background-position":"center center","background-size":"auto","background-attachment":"scroll","background-type":"","background-media":"","overlay-type":"","overlay-color":"","overlay-opacity":"","overlay-gradient":""},"tablet":{"background-color":"var(--ast-global-color-4)","background-image":"","background-repeat":"repeat","background-position":"center center","background-size":"auto","background-attachment":"scroll","background-type":"","background-media":"","overlay-type":"","overlay-color":"","overlay-opacity":"","overlay-gradient":""},"mobile":{"background-color":"var(--ast-global-color-4)","background-image":"","background-repeat":"repeat","background-position":"center center","background-size":"auto","background-attachment":"scroll","background-type":"","background-media":"","overlay-type":"","overlay-color":"","overlay-opacity":"","overlay-gradient":""}},"footnotes":""},"class_list":["post-289","page","type-page","status-publish","hentry"],"featured_image_src":null,"_links":{"self":[{"href":"https:\/\/spectracons.com\/index.php?rest_route=\/wp\/v2\/pages\/289","targetHints":{"allow":["GET"]}}],"collection":[{"href":"https:\/\/spectracons.com\/index.php?rest_route=\/wp\/v2\/pages"}],"about":[{"href":"https:\/\/spectracons.com\/index.php?rest_route=\/wp\/v2\/types\/page"}],"author":[{"embeddable":true,"href":"https:\/\/spectracons.com\/index.php?rest_route=\/wp\/v2\/users\/1"}],"replies":[{"embeddable":true,"href":"https:\/\/spectracons.com\/index.php?rest_route=%2Fwp%2Fv2%2Fcomments&post=289"}],"version-history":[{"count":2,"href":"https:\/\/spectracons.com\/index.php?rest_route=\/wp\/v2\/pages\/289\/revisions"}],"predecessor-version":[{"id":487,"href":"https:\/\/spectracons.com\/index.php?rest_route=\/wp\/v2\/pages\/289\/revisions\/487"}],"wp:attachment":[{"href":"https:\/\/spectracons.com\/index.php?rest_route=%2Fwp%2Fv2%2Fmedia&parent=289"}],"curies":[{"name":"wp","href":"https:\/\/api.w.org\/{rel}","templated":true}]}}