{"id":253,"date":"2025-05-17T11:17:48","date_gmt":"2025-05-17T11:17:48","guid":{"rendered":"https:\/\/spectracons.com\/?page_id=253"},"modified":"2025-05-17T12:25:42","modified_gmt":"2025-05-17T12:25:42","slug":"betonarme-yapilar","status":"publish","type":"page","link":"https:\/\/spectracons.com\/?page_id=253","title":{"rendered":"Betonarme Yap\u0131lar"},"content":{"rendered":"<nav id=\"bellows-main-12\" class=\"bellows bellows-nojs bellows-main bellows-source-menu bellows-align-left bellows-skin-vanilla bellows-type-\"><ul id=\"menu-betonarme-yapilar\" class=\"bellows-nav\" data-bellows-config=\"main\"><li id=\"menu-item-351\" class=\"bellows-menu-item bellows-menu-item-type-post_type bellows-menu-item-object-post bellows-menu-item-351 bellows-item-level-0\"><a  href=\"https:\/\/spectracons.com\/?p=345\" class=\"bellows-target menu-link\"><span class=\"bellows-target-title bellows-target-text\">Beton Malzeme \u00d6zellikleri<\/span><\/a><\/li>\n<li id=\"menu-item-353\" class=\"bellows-menu-item bellows-menu-item-type-post_type bellows-menu-item-object-post bellows-menu-item-353 bellows-item-level-0\"><a  href=\"https:\/\/spectracons.com\/?p=347\" class=\"bellows-target menu-link\"><span class=\"bellows-target-title bellows-target-text\">Donat\u0131<\/span><\/a><\/li>\n<li id=\"menu-item-540\" class=\"bellows-menu-item bellows-menu-item-type-post_type bellows-menu-item-object-post bellows-menu-item-540 bellows-item-level-0\"><a  href=\"https:\/\/spectracons.com\/?p=537\" class=\"bellows-target menu-link\"><span class=\"bellows-target-title bellows-target-text\">Donat\u0131 Detaylar\u0131<\/span><\/a><\/li>\n<li id=\"menu-item-352\" class=\"bellows-menu-item bellows-menu-item-type-post_type bellows-menu-item-object-post bellows-menu-item-352 bellows-item-level-0\"><a  href=\"https:\/\/spectracons.com\/?p=349\" class=\"bellows-target menu-link\"><span class=\"bellows-target-title bellows-target-text\">Beton Yanal Bas\u0131n\u00e7 Hesab\u0131<\/span><\/a><\/li>\n<\/ul><\/nav>\n\n\n\n<p><\/p>\n","protected":false},"excerpt":{"rendered":"","protected":false},"author":1,"featured_media":0,"parent":0,"menu_order":0,"comment_status":"closed","ping_status":"closed","template":"","meta":{"ub_ctt_via":"","site-sidebar-layout":"default","site-content-layout":"","ast-site-content-layout":"","site-content-style":"default","site-sidebar-style":"default","ast-global-header-display":"","ast-banner-title-visibility":"","ast-main-header-display":"","ast-hfb-above-header-display":"","ast-hfb-below-header-display":"","ast-hfb-mobile-header-display":"","site-post-title":"","ast-breadcrumbs-content":"","ast-featured-img":"","footer-sml-layout":"","theme-transparent-header-meta":"","adv-header-id-meta":"","stick-header-meta":"","header-above-stick-meta":"","header-main-stick-meta":"","header-below-stick-meta":"","astra-migrate-meta-layouts":"default","ast-page-background-enabled":"default","ast-page-background-meta":{"desktop":{"background-color":"var(--ast-global-color-5)","background-image":"","background-repeat":"repeat","background-position":"center center","background-size":"auto","background-attachment":"scroll","background-type":"","background-media":"","overlay-type":"","overlay-color":"","overlay-opacity":"","overlay-gradient":""},"tablet":{"background-color":"","background-image":"","background-repeat":"repeat","background-position":"center center","background-size":"auto","background-attachment":"scroll","background-type":"","background-media":"","overlay-type":"","overlay-color":"","overlay-opacity":"","overlay-gradient":""},"mobile":{"background-color":"","background-image":"","background-repeat":"repeat","background-position":"center center","background-size":"auto","background-attachment":"scroll","background-type":"","background-media":"","overlay-type":"","overlay-color":"","overlay-opacity":"","overlay-gradient":""}},"ast-content-background-meta":{"desktop":{"background-color":"var(--ast-global-color-4)","background-image":"","background-repeat":"repeat","background-position":"center center","background-size":"auto","background-attachment":"scroll","background-type":"","background-media":"","overlay-type":"","overlay-color":"","overlay-opacity":"","overlay-gradient":""},"tablet":{"background-color":"var(--ast-global-color-4)","background-image":"","background-repeat":"repeat","background-position":"center center","background-size":"auto","background-attachment":"scroll","background-type":"","background-media":"","overlay-type":"","overlay-color":"","overlay-opacity":"","overlay-gradient":""},"mobile":{"background-color":"var(--ast-global-color-4)","background-image":"","background-repeat":"repeat","background-position":"center center","background-size":"auto","background-attachment":"scroll","background-type":"","background-media":"","overlay-type":"","overlay-color":"","overlay-opacity":"","overlay-gradient":""}},"footnotes":""},"class_list":["post-253","page","type-page","status-publish","hentry"],"featured_image_src":null,"_links":{"self":[{"href":"https:\/\/spectracons.com\/index.php?rest_route=\/wp\/v2\/pages\/253","targetHints":{"allow":["GET"]}}],"collection":[{"href":"https:\/\/spectracons.com\/index.php?rest_route=\/wp\/v2\/pages"}],"about":[{"href":"https:\/\/spectracons.com\/index.php?rest_route=\/wp\/v2\/types\/page"}],"author":[{"embeddable":true,"href":"https:\/\/spectracons.com\/index.php?rest_route=\/wp\/v2\/users\/1"}],"replies":[{"embeddable":true,"href":"https:\/\/spectracons.com\/index.php?rest_route=%2Fwp%2Fv2%2Fcomments&post=253"}],"version-history":[{"count":2,"href":"https:\/\/spectracons.com\/index.php?rest_route=\/wp\/v2\/pages\/253\/revisions"}],"predecessor-version":[{"id":354,"href":"https:\/\/spectracons.com\/index.php?rest_route=\/wp\/v2\/pages\/253\/revisions\/354"}],"wp:attachment":[{"href":"https:\/\/spectracons.com\/index.php?rest_route=%2Fwp%2Fv2%2Fmedia&parent=253"}],"curies":[{"name":"wp","href":"https:\/\/api.w.org\/{rel}","templated":true}]}}