{"id":210,"date":"2025-05-17T01:22:02","date_gmt":"2025-05-17T01:22:02","guid":{"rendered":"https:\/\/spectracons.com\/?page_id=210"},"modified":"2025-05-23T09:08:44","modified_gmt":"2025-05-23T09:08:44","slug":"210-2","status":"publish","type":"page","link":"https:\/\/spectracons.com\/?page_id=210","title":{"rendered":"Hizmetlerimiz"},"content":{"rendered":"\n<h1 class=\"wp-block-heading alignfull has-text-align-center\">Hizmetlerimiz<\/h1>\n\n\n\n<div class=\"wp-block-columns alignfull is-layout-flex wp-container-core-columns-is-layout-60cbf9bb wp-block-columns-is-layout-flex\" style=\"margin-top:50px\">\n<div class=\"wp-block-column is-layout-flow wp-container-core-column-is-layout-6b73ce23 wp-block-column-is-layout-flow\">\n<figure class=\"wp-block-image size-full\"><img loading=\"lazy\" decoding=\"async\" width=\"148\" height=\"274\" src=\"https:\/\/spectracons.com\/wp-content\/uploads\/2025\/05\/HIGH.png\" alt=\"\" class=\"wp-image-90\"\/><\/figure>\n\n\n\n<h3 class=\"wp-block-heading\" style=\"margin-top:16px\">Betonarme Yap\u0131lar\u0131n Tasar\u0131m\u0131<\/h3>\n\n\n\n<p>Ulusal ve uluslaras\u0131 y\u00f6netmeliklere uygun olarak \u00fcst yap\u0131 tasar\u0131mlar\u0131, end\u00fcstriyel tesislerin\/enerji yap\u0131lar\u0131n\u0131n kapsam\u0131ndaki yap\u0131 tasar\u0131mlar\u0131 ve k\u00f6pr\u00fc tasar\u0131m hizmetleri sa\u011flanmaktad\u0131r.<\/p>\n<\/div>\n\n\n\n<div class=\"wp-block-column is-layout-flow wp-container-core-column-is-layout-6b73ce23 wp-block-column-is-layout-flow\">\n<figure class=\"wp-block-image size-full is-resized\"><img loading=\"lazy\" decoding=\"async\" width=\"391\" height=\"307\" src=\"https:\/\/spectracons.com\/wp-content\/uploads\/2025\/05\/ST_d.png\" alt=\"\" class=\"wp-image-91\" style=\"width:349px;height:auto\" srcset=\"https:\/\/spectracons.com\/wp-content\/uploads\/2025\/05\/ST_d.png 391w, https:\/\/spectracons.com\/wp-content\/uploads\/2025\/05\/ST_d-300x236.png 300w\" sizes=\"auto, (max-width: 391px) 100vw, 391px\" \/><\/figure>\n\n\n\n<h3 class=\"wp-block-heading\" style=\"margin-top:16px\">\u00c7elik Yap\u0131lar\u0131n Tasar\u0131m\u0131<\/h3>\n\n\n\n<p>Ulusal ve uluslaras\u0131 y\u00f6netmeliklere uygun olarak depolama tesisleri ve end\u00fcstriyel tesisler kapsam\u0131ndaki yap\u0131lar\u0131n tasar\u0131m hizmetleri sa\u011flanmaktad\u0131r. <\/p>\n<\/div>\n\n\n\n<div class=\"wp-block-column is-layout-flow wp-container-core-column-is-layout-6b73ce23 wp-block-column-is-layout-flow\">\n<figure class=\"wp-block-image size-full is-resized\"><img loading=\"lazy\" decoding=\"async\" width=\"339\" height=\"241\" src=\"https:\/\/spectracons.com\/wp-content\/uploads\/2025\/05\/RC_D.png\" alt=\"\" class=\"wp-image-92\" style=\"width:383px;height:auto\" srcset=\"https:\/\/spectracons.com\/wp-content\/uploads\/2025\/05\/RC_D.png 339w, https:\/\/spectracons.com\/wp-content\/uploads\/2025\/05\/RC_D-300x213.png 300w\" sizes=\"auto, (max-width: 339px) 100vw, 339px\" \/><\/figure>\n\n\n\n<h3 class=\"wp-block-heading\" style=\"margin-top:16px\">Detayland\u0131rma Hizmetleri<\/h3>\n\n\n\n<p>M\u00fc\u015fteri taleplerine uygun olarak 2D veya 3D betonarme ve 3D \u00e7elik yap\u0131 detayland\u0131rma hizmetleri sa\u011flanmaktad\u0131r. Disiplinleraras\u0131 koordinasyon ve s\u00fcrecin interaktif bir \u015fekilde y\u00fcr\u00fct\u00fclmesi ile clash-free modellerin olu\u015fturulmas\u0131 sa\u011flanmaktad\u0131r.<\/p>\n<\/div>\n<\/div>\n\n\n\n<blockquote class=\"wp-block-quote is-layout-flow wp-block-quote-is-layout-flow\">\n<h6 class=\"wp-block-heading alignfull has-text-align-left\">SPECTRA M\u00fc\u015favirlik tan\u0131t\u0131m d\u00f6k\u00fcman\u0131n\u0131 a\u015fa\u011f\u0131daki adresten indirebilirsiniz.<\/h6>\n<\/blockquote>\n\n\n\n<blockquote class=\"wp-block-quote is-layout-flow wp-block-quote-is-layout-flow\">\n<p><a href=\"https:\/\/spectracons.com\/wp-content\/uploads\/2025\/05\/SPECTRA_PRESENTATION_v02-1.pdf\">Katalog Spectra<\/a><\/p>\n<\/blockquote>\n\n\n\n<p><\/p>\n\n\n\n<p><\/p>\n\n\n\n<p class=\"has-text-align-center\"><\/p>\n\n\n\n<p><\/p>\n","protected":false},"excerpt":{"rendered":"<p>Hizmetlerimiz Betonarme Yap\u0131lar\u0131n Tasar\u0131m\u0131 Ulusal ve uluslaras\u0131 y\u00f6netmeliklere uygun olarak \u00fcst yap\u0131 tasar\u0131mlar\u0131, end\u00fcstriyel tesislerin\/enerji yap\u0131lar\u0131n\u0131n kapsam\u0131ndaki yap\u0131 tasar\u0131mlar\u0131 ve [&hellip;]<\/p>\n","protected":false},"author":1,"featured_media":0,"parent":0,"menu_order":0,"comment_status":"closed","ping_status":"closed","template":"","meta":{"ub_ctt_via":"","site-sidebar-layout":"default","site-content-layout":"","ast-site-content-layout":"","site-content-style":"default","site-sidebar-style":"default","ast-global-header-display":"","ast-banner-title-visibility":"","ast-main-header-display":"","ast-hfb-above-header-display":"","ast-hfb-below-header-display":"","ast-hfb-mobile-header-display":"","site-post-title":"disabled","ast-breadcrumbs-content":"","ast-featured-img":"","footer-sml-layout":"","theme-transparent-header-meta":"","adv-header-id-meta":"","stick-header-meta":"","header-above-stick-meta":"","header-main-stick-meta":"","header-below-stick-meta":"","astra-migrate-meta-layouts":"default","ast-page-background-enabled":"default","ast-page-background-meta":{"desktop":{"background-color":"var(--ast-global-color-5)","background-image":"","background-repeat":"repeat","background-position":"center center","background-size":"auto","background-attachment":"scroll","background-type":"","background-media":"","overlay-type":"","overlay-color":"","overlay-opacity":"","overlay-gradient":""},"tablet":{"background-color":"","background-image":"","background-repeat":"repeat","background-position":"center center","background-size":"auto","background-attachment":"scroll","background-type":"","background-media":"","overlay-type":"","overlay-color":"","overlay-opacity":"","overlay-gradient":""},"mobile":{"background-color":"","background-image":"","background-repeat":"repeat","background-position":"center center","background-size":"auto","background-attachment":"scroll","background-type":"","background-media":"","overlay-type":"","overlay-color":"","overlay-opacity":"","overlay-gradient":""}},"ast-content-background-meta":{"desktop":{"background-color":"var(--ast-global-color-4)","background-image":"","background-repeat":"repeat","background-position":"center center","background-size":"auto","background-attachment":"scroll","background-type":"","background-media":"","overlay-type":"","overlay-color":"","overlay-opacity":"","overlay-gradient":""},"tablet":{"background-color":"var(--ast-global-color-4)","background-image":"","background-repeat":"repeat","background-position":"center center","background-size":"auto","background-attachment":"scroll","background-type":"","background-media":"","overlay-type":"","overlay-color":"","overlay-opacity":"","overlay-gradient":""},"mobile":{"background-color":"var(--ast-global-color-4)","background-image":"","background-repeat":"repeat","background-position":"center center","background-size":"auto","background-attachment":"scroll","background-type":"","background-media":"","overlay-type":"","overlay-color":"","overlay-opacity":"","overlay-gradient":""}},"footnotes":""},"class_list":["post-210","page","type-page","status-publish","hentry"],"featured_image_src":null,"_links":{"self":[{"href":"https:\/\/spectracons.com\/index.php?rest_route=\/wp\/v2\/pages\/210","targetHints":{"allow":["GET"]}}],"collection":[{"href":"https:\/\/spectracons.com\/index.php?rest_route=\/wp\/v2\/pages"}],"about":[{"href":"https:\/\/spectracons.com\/index.php?rest_route=\/wp\/v2\/types\/page"}],"author":[{"embeddable":true,"href":"https:\/\/spectracons.com\/index.php?rest_route=\/wp\/v2\/users\/1"}],"replies":[{"embeddable":true,"href":"https:\/\/spectracons.com\/index.php?rest_route=%2Fwp%2Fv2%2Fcomments&post=210"}],"version-history":[{"count":8,"href":"https:\/\/spectracons.com\/index.php?rest_route=\/wp\/v2\/pages\/210\/revisions"}],"predecessor-version":[{"id":713,"href":"https:\/\/spectracons.com\/index.php?rest_route=\/wp\/v2\/pages\/210\/revisions\/713"}],"wp:attachment":[{"href":"https:\/\/spectracons.com\/index.php?rest_route=%2Fwp%2Fv2%2Fmedia&parent=210"}],"curies":[{"name":"wp","href":"https:\/\/api.w.org\/{rel}","templated":true}]}}