{"id":167,"date":"2025-05-17T00:15:46","date_gmt":"2025-05-17T00:15:46","guid":{"rendered":"https:\/\/spectracons.com\/?page_id=167"},"modified":"2025-08-11T06:27:06","modified_gmt":"2025-08-11T06:27:06","slug":"spectra-musavirlik","status":"publish","type":"page","link":"https:\/\/spectracons.com\/?page_id=167","title":{"rendered":"Hakk\u0131m\u0131zda"},"content":{"rendered":"\n<p>SPECTRA M\u00fc\u015favirlik, y\u00fcksek kaliteli, yenilik\u00e7i ve maliyet etkin \u00e7\u00f6z\u00fcmler sunmay\u0131 hedefleyen uzman bir yap\u0131 m\u00fchendisli\u011fi ve detayland\u0131rma firmas\u0131 olup a\u015fa\u011f\u0131daki alanlarda deneyimli kadrosuyla hizmet vermektedir.<\/p>\n\n\n\n<ul class=\"wp-block-list\">\n<li>End\u00fcstriyel tesisler<\/li>\n\n\n\n<li>Basit ve kombine \u00e7evrim enerji santralleri<\/li>\n\n\n\n<li>\u00dcstyap\u0131 ve altyap\u0131 projeleri<\/li>\n<\/ul>\n\n\n\n<p>SPECTRA M\u00fc\u015favirlik sahip oldu\u011fu deneyim ve teknik kabiliyetleriyle, detaylara verdi\u011fi \u00f6nem ve m\u00fc\u015fteri odakl\u0131 yakla\u015f\u0131m\u0131yla uzun d\u00f6nemli ortakl\u0131klar kurmay\u0131 hedeflemektedir. SPECTRA&#8217;n\u0131n m\u00fchendislik hizmeti gerektiren t\u00fcm projelere yakla\u015f\u0131m\u0131, her projenin \u00f6zg\u00fcn ve \u00f6zel oldu\u011fu, bu nedenle t\u00fcm s\u00fcre\u00e7 ve detaylar\u0131n titizlikle y\u00fcr\u00fct\u00fclmesi gerekti\u011fidir.<\/p>\n\n\n\n<p>SPECTRA M\u00fc\u015favirlik tan\u0131t\u0131m d\u00f6k\u00fcman\u0131n\u0131 a\u015fa\u011f\u0131daki adresten indirebilirsiniz.<\/p>\n\n\n\n<p><a href=\"https:\/\/spectracons.com\/wp-content\/uploads\/2025\/05\/SPECTRA_PRESENTATION_v02-1.pdf\">Katalog Spectra<\/a><\/p>\n\n\n\n<p><\/p>\n\n\n\n<figure class=\"wp-block-gallery has-nested-images columns-default is-cropped wp-block-gallery-1 is-layout-flex wp-block-gallery-is-layout-flex\">\n<figure class=\"wp-block-image size-large\"><img loading=\"lazy\" decoding=\"async\" width=\"1024\" height=\"724\" data-id=\"55\" src=\"https:\/\/spectracons.com\/wp-content\/uploads\/2025\/05\/Background3-1024x724.png\" alt=\"\" class=\"wp-image-55\" srcset=\"https:\/\/spectracons.com\/wp-content\/uploads\/2025\/05\/Background3-1024x724.png 1024w, https:\/\/spectracons.com\/wp-content\/uploads\/2025\/05\/Background3-300x212.png 300w, https:\/\/spectracons.com\/wp-content\/uploads\/2025\/05\/Background3-768x543.png 768w, https:\/\/spectracons.com\/wp-content\/uploads\/2025\/05\/Background3.png 1123w\" sizes=\"auto, (max-width: 1024px) 100vw, 1024px\" \/><\/figure>\n\n\n\n<figure class=\"wp-block-image size-large\"><img loading=\"lazy\" decoding=\"async\" width=\"1024\" height=\"724\" data-id=\"50\" src=\"https:\/\/spectracons.com\/wp-content\/uploads\/2025\/05\/Background2-1024x724.png\" alt=\"\" class=\"wp-image-50\" srcset=\"https:\/\/spectracons.com\/wp-content\/uploads\/2025\/05\/Background2-1024x724.png 1024w, https:\/\/spectracons.com\/wp-content\/uploads\/2025\/05\/Background2-300x212.png 300w, https:\/\/spectracons.com\/wp-content\/uploads\/2025\/05\/Background2-768x543.png 768w, https:\/\/spectracons.com\/wp-content\/uploads\/2025\/05\/Background2.png 1123w\" sizes=\"auto, (max-width: 1024px) 100vw, 1024px\" \/><\/figure>\n\n\n\n<figure class=\"wp-block-image size-large\"><img loading=\"lazy\" decoding=\"async\" width=\"1024\" height=\"724\" data-id=\"47\" src=\"https:\/\/spectracons.com\/wp-content\/uploads\/2025\/05\/Background-1024x724.png\" alt=\"\" class=\"wp-image-47\" srcset=\"https:\/\/spectracons.com\/wp-content\/uploads\/2025\/05\/Background-1024x724.png 1024w, https:\/\/spectracons.com\/wp-content\/uploads\/2025\/05\/Background-300x212.png 300w, https:\/\/spectracons.com\/wp-content\/uploads\/2025\/05\/Background-768x543.png 768w, https:\/\/spectracons.com\/wp-content\/uploads\/2025\/05\/Background.png 1123w\" sizes=\"auto, (max-width: 1024px) 100vw, 1024px\" \/><\/figure>\n<\/figure>\n\n\n\n<h2 class=\"wp-block-heading\"><\/h2>\n\n\n\n<p><strong><em>STRUCTURAL ENGINEERING IS<\/em><\/strong><br>THE ART OF USING MATERIALS&nbsp;<em>That Have Properties Which Can Only Be Estimated<\/em><br>TO BUILD REAL STRUCTURES&nbsp;<em>That Can Only Be Approximately Analyzed<\/em><br>TO WITHSTAND FORCES&nbsp;<em>That Are Not Accurately Known<\/em><br><strong><em>SO THAT OUR RESPONSIBILITY WITH RESPECT TO PUBLIC SAFETY IS SATISFIED<\/em><\/strong>.  (E.Wilson)<\/p>\n\n\n\n<p><\/p>\n","protected":false},"excerpt":{"rendered":"<p>SPECTRA M\u00fc\u015favirlik, y\u00fcksek kaliteli, yenilik\u00e7i ve maliyet etkin \u00e7\u00f6z\u00fcmler sunmay\u0131 hedefleyen uzman bir yap\u0131 m\u00fchendisli\u011fi ve detayland\u0131rma firmas\u0131 olup a\u015fa\u011f\u0131daki [&hellip;]<\/p>\n","protected":false},"author":1,"featured_media":0,"parent":0,"menu_order":0,"comment_status":"closed","ping_status":"closed","template":"","meta":{"ub_ctt_via":"","site-sidebar-layout":"default","site-content-layout":"","ast-site-content-layout":"","site-content-style":"default","site-sidebar-style":"default","ast-global-header-display":"","ast-banner-title-visibility":"","ast-main-header-display":"","ast-hfb-above-header-display":"","ast-hfb-below-header-display":"","ast-hfb-mobile-header-display":"","site-post-title":"","ast-breadcrumbs-content":"","ast-featured-img":"","footer-sml-layout":"","theme-transparent-header-meta":"","adv-header-id-meta":"","stick-header-meta":"","header-above-stick-meta":"","header-main-stick-meta":"","header-below-stick-meta":"","astra-migrate-meta-layouts":"default","ast-page-background-enabled":"default","ast-page-background-meta":{"desktop":{"background-color":"var(--ast-global-color-5)","background-image":"","background-repeat":"repeat","background-position":"center center","background-size":"auto","background-attachment":"scroll","background-type":"","background-media":"","overlay-type":"","overlay-color":"","overlay-opacity":"","overlay-gradient":""},"tablet":{"background-color":"","background-image":"","background-repeat":"repeat","background-position":"center center","background-size":"auto","background-attachment":"scroll","background-type":"","background-media":"","overlay-type":"","overlay-color":"","overlay-opacity":"","overlay-gradient":""},"mobile":{"background-color":"","background-image":"","background-repeat":"repeat","background-position":"center center","background-size":"auto","background-attachment":"scroll","background-type":"","background-media":"","overlay-type":"","overlay-color":"","overlay-opacity":"","overlay-gradient":""}},"ast-content-background-meta":{"desktop":{"background-color":"var(--ast-global-color-4)","background-image":"","background-repeat":"repeat","background-position":"center center","background-size":"auto","background-attachment":"scroll","background-type":"","background-media":"","overlay-type":"","overlay-color":"","overlay-opacity":"","overlay-gradient":""},"tablet":{"background-color":"var(--ast-global-color-4)","background-image":"","background-repeat":"repeat","background-position":"center center","background-size":"auto","background-attachment":"scroll","background-type":"","background-media":"","overlay-type":"","overlay-color":"","overlay-opacity":"","overlay-gradient":""},"mobile":{"background-color":"var(--ast-global-color-4)","background-image":"","background-repeat":"repeat","background-position":"center center","background-size":"auto","background-attachment":"scroll","background-type":"","background-media":"","overlay-type":"","overlay-color":"","overlay-opacity":"","overlay-gradient":""}},"footnotes":""},"class_list":["post-167","page","type-page","status-publish","hentry"],"featured_image_src":null,"_links":{"self":[{"href":"https:\/\/spectracons.com\/index.php?rest_route=\/wp\/v2\/pages\/167","targetHints":{"allow":["GET"]}}],"collection":[{"href":"https:\/\/spectracons.com\/index.php?rest_route=\/wp\/v2\/pages"}],"about":[{"href":"https:\/\/spectracons.com\/index.php?rest_route=\/wp\/v2\/types\/page"}],"author":[{"embeddable":true,"href":"https:\/\/spectracons.com\/index.php?rest_route=\/wp\/v2\/users\/1"}],"replies":[{"embeddable":true,"href":"https:\/\/spectracons.com\/index.php?rest_route=%2Fwp%2Fv2%2Fcomments&post=167"}],"version-history":[{"count":12,"href":"https:\/\/spectracons.com\/index.php?rest_route=\/wp\/v2\/pages\/167\/revisions"}],"predecessor-version":[{"id":775,"href":"https:\/\/spectracons.com\/index.php?rest_route=\/wp\/v2\/pages\/167\/revisions\/775"}],"wp:attachment":[{"href":"https:\/\/spectracons.com\/index.php?rest_route=%2Fwp%2Fv2%2Fmedia&parent=167"}],"curies":[{"name":"wp","href":"https:\/\/api.w.org\/{rel}","templated":true}]}}